{"id":1336,"date":"2023-09-27T13:47:24","date_gmt":"2023-09-27T11:47:24","guid":{"rendered":"https:\/\/www.beatcomunicacion.com\/?page_id=1336"},"modified":"2024-12-01T22:36:02","modified_gmt":"2024-12-01T21:36:02","slug":"hello","status":"publish","type":"page","link":"https:\/\/www.beatcomunicacion.com\/en\/","title":{"rendered":"Hello"},"content":{"rendered":"<div data-elementor-type=\"wp-page\" data-elementor-id=\"1336\" class=\"elementor elementor-1336\" data-elementor-post-type=\"page\">\n\t\t\t\t\t\t<section class=\"elementor-section elementor-top-section elementor-element elementor-element-1aa07691 elementor-section-full_width elementor-reverse-mobile elementor-section-height-default elementor-section-height-default\" data-id=\"1aa07691\" data-element_type=\"section\" data-e-type=\"section\" data-settings=\"{&quot;background_background&quot;:&quot;classic&quot;}\">\n\t\t\t\t\t\t\t<div class=\"elementor-background-overlay\"><\/div>\n\t\t\t\t\t\t\t<div class=\"elementor-container elementor-column-gap-no\">\n\t\t\t\t\t<div class=\"elementor-column elementor-col-33 elementor-top-column elementor-element elementor-element-17f579be\" data-id=\"17f579be\" data-element_type=\"column\" data-e-type=\"column\">\n\t\t\t<div class=\"elementor-widget-wrap elementor-element-populated\">\n\t\t\t\t\t\t<div class=\"elementor-element elementor-element-4a38dbf3 elementor-invisible elementor-widget elementor-widget-elementskit-social-media\" data-id=\"4a38dbf3\" data-element_type=\"widget\" data-e-type=\"widget\" data-settings=\"{&quot;_animation&quot;:&quot;rollIn&quot;}\" data-widget_type=\"elementskit-social-media.default\">\n\t\t\t\t<div class=\"elementor-widget-container\">\n\t\t\t\t\t<div class=\"ekit-wid-con\" >\t\t\t <ul class=\"ekit_social_media\">\n\t\t\t\t\t\t\t\t\t\t\t\t\t\t<li class=\"elementor-repeater-item-730dc0d\">\n\t\t\t\t\t    <a\n\t\t\t\t\t\thref=\"https:\/\/www.linkedin.com\/company\/beat-comunicaci\u00f3n\/\" aria-label=\"Facebook\" class=\"linkedin\" >\n\t\t\t\t\t\t\t\n\t\t\t\t\t\t\t<i aria-hidden=\"true\" class=\"fab fa-linkedin\"><\/i>\n                                                                                                            <\/a>\n                    <\/li>\n                    \t\t\t\t\t\t\t\t\t\t\t\t\t\t<li class=\"elementor-repeater-item-91c20e5\">\n\t\t\t\t\t    <a\n\t\t\t\t\t\thref=\"https:\/\/www.instagram.com\/beatcomunicacion\/\" aria-label=\"instagram\" class=\"instagram\" >\n\t\t\t\t\t\t\t\n\t\t\t\t\t\t\t<i aria-hidden=\"true\" class=\"fab fa-instagram\"><\/i>\n                                                                                                            <\/a>\n                    <\/li>\n                    \t\t\t\t\t\t\t<\/ul>\n\t\t<\/div>\t\t\t\t<\/div>\n\t\t\t\t<\/div>\n\t\t\t\t\t<\/div>\n\t\t<\/div>\n\t\t\t\t<div class=\"elementor-column elementor-col-33 elementor-top-column elementor-element elementor-element-3f5f01c\" data-id=\"3f5f01c\" data-element_type=\"column\" data-e-type=\"column\">\n\t\t\t<div class=\"elementor-widget-wrap elementor-element-populated\">\n\t\t\t\t\t\t<div class=\"elementor-element elementor-element-60719b0e elementor-invisible elementor-widget elementor-widget-heading\" data-id=\"60719b0e\" data-element_type=\"widget\" data-e-type=\"widget\" data-settings=\"{&quot;_animation&quot;:&quot;zoomIn&quot;}\" data-widget_type=\"heading.default\">\n\t\t\t\t<div class=\"elementor-widget-container\">\n\t\t\t\t\t<h1 class=\"elementor-heading-title elementor-size-default\">We communicate truth under the style of your brand<\/h1>\t\t\t\t<\/div>\n\t\t\t\t<\/div>\n\t\t\t\t<div class=\"elementor-element elementor-element-472d8344 elementor-widget elementor-widget-text-editor\" data-id=\"472d8344\" data-element_type=\"widget\" data-e-type=\"widget\" data-widget_type=\"text-editor.default\">\n\t\t\t\t<div class=\"elementor-widget-container\">\n\t\t\t\t\t\t\t\t\t<p>We specialize in internal communication, communication audit and comprehensive advice.<\/p>\t\t\t\t\t\t\t\t<\/div>\n\t\t\t\t<\/div>\n\t\t\t\t<div class=\"elementor-element elementor-element-72a148bc elementor-align-center elementor-widget__width-auto elementor-invisible elementor-widget elementor-widget-button\" data-id=\"72a148bc\" data-element_type=\"widget\" data-e-type=\"widget\" data-settings=\"{&quot;_animation&quot;:&quot;slideInLeft&quot;}\" data-widget_type=\"button.default\">\n\t\t\t\t<div class=\"elementor-widget-container\">\n\t\t\t\t\t\t\t\t\t<div class=\"elementor-button-wrapper\">\n\t\t\t\t\t<a class=\"elementor-button elementor-button-link elementor-size-sm elementor-animation-float\" href=\"https:\/\/www.beatcomunicacion.com\/en\/contact\/\">\n\t\t\t\t\t\t<span class=\"elementor-button-content-wrapper\">\n\t\t\t\t\t\t<span class=\"elementor-button-icon\">\n\t\t\t\t<i aria-hidden=\"true\" class=\"fas fa-arrow-right\"><\/i>\t\t\t<\/span>\n\t\t\t\t\t\t\t\t\t<span class=\"elementor-button-text\">Contact<\/span>\n\t\t\t\t\t<\/span>\n\t\t\t\t\t<\/a>\n\t\t\t\t<\/div>\n\t\t\t\t\t\t\t\t<\/div>\n\t\t\t\t<\/div>\n\t\t\t\t<div class=\"elementor-element elementor-element-6d4e8df8 elementor-align-center elementor-widget__width-auto elementor-invisible elementor-widget elementor-widget-button\" data-id=\"6d4e8df8\" data-element_type=\"widget\" data-e-type=\"widget\" data-settings=\"{&quot;_animation&quot;:&quot;slideInRight&quot;}\" data-widget_type=\"button.default\">\n\t\t\t\t<div class=\"elementor-widget-container\">\n\t\t\t\t\t\t\t\t\t<div class=\"elementor-button-wrapper\">\n\t\t\t\t\t<a class=\"elementor-button elementor-button-link elementor-size-sm elementor-animation-float\" href=\"https:\/\/www.beatcomunicacion.com\/en\/our-heartbeat\/\">\n\t\t\t\t\t\t<span class=\"elementor-button-content-wrapper\">\n\t\t\t\t\t\t<span class=\"elementor-button-icon\">\n\t\t\t\t<i aria-hidden=\"true\" class=\"fas fa-arrow-right\"><\/i>\t\t\t<\/span>\n\t\t\t\t\t\t\t\t\t<span class=\"elementor-button-text\">Our heartbeat<\/span>\n\t\t\t\t\t<\/span>\n\t\t\t\t\t<\/a>\n\t\t\t\t<\/div>\n\t\t\t\t\t\t\t\t<\/div>\n\t\t\t\t<\/div>\n\t\t\t\t\t<\/div>\n\t\t<\/div>\n\t\t\t\t<div class=\"elementor-column elementor-col-33 elementor-top-column elementor-element elementor-element-567b29be elementor-hidden-mobile\" data-id=\"567b29be\" data-element_type=\"column\" data-e-type=\"column\">\n\t\t\t<div class=\"elementor-widget-wrap elementor-element-populated\">\n\t\t\t\t\t\t<div class=\"elementor-element elementor-element-4558f5c2 elementor-widget elementor-widget-spacer\" data-id=\"4558f5c2\" data-element_type=\"widget\" data-e-type=\"widget\" data-widget_type=\"spacer.default\">\n\t\t\t\t<div class=\"elementor-widget-container\">\n\t\t\t\t\t\t\t<div class=\"elementor-spacer\">\n\t\t\t<div class=\"elementor-spacer-inner\"><\/div>\n\t\t<\/div>\n\t\t\t\t\t\t<\/div>\n\t\t\t\t<\/div>\n\t\t\t\t\t<\/div>\n\t\t<\/div>\n\t\t\t\t\t<\/div>\n\t\t<\/section>\n\t\t\t\t<section class=\"elementor-section elementor-top-section elementor-element elementor-element-4ea3bd3b elementor-section-boxed elementor-section-height-default elementor-section-height-default\" data-id=\"4ea3bd3b\" data-element_type=\"section\" data-e-type=\"section\" data-settings=\"{&quot;background_background&quot;:&quot;classic&quot;}\">\n\t\t\t\t\t\t\t<div class=\"elementor-background-overlay\"><\/div>\n\t\t\t\t\t\t\t<div class=\"elementor-container elementor-column-gap-no\">\n\t\t\t\t\t<div class=\"elementor-column elementor-col-100 elementor-top-column elementor-element elementor-element-59933422\" data-id=\"59933422\" data-element_type=\"column\" data-e-type=\"column\">\n\t\t\t<div class=\"elementor-widget-wrap elementor-element-populated\">\n\t\t\t\t\t\t<section class=\"elementor-section elementor-inner-section elementor-element elementor-element-7b2a115 elementor-section-boxed elementor-section-height-default elementor-section-height-default\" data-id=\"7b2a115\" data-element_type=\"section\" data-e-type=\"section\">\n\t\t\t\t\t\t<div class=\"elementor-container elementor-column-gap-no\">\n\t\t\t\t\t<div class=\"elementor-column elementor-col-50 elementor-inner-column elementor-element elementor-element-184c4bad elementor-hidden-mobile\" data-id=\"184c4bad\" data-element_type=\"column\" data-e-type=\"column\" data-settings=\"{&quot;background_background&quot;:&quot;classic&quot;}\">\n\t\t\t<div class=\"elementor-widget-wrap elementor-element-populated\">\n\t\t\t\t\t<div class=\"elementor-background-overlay\"><\/div>\n\t\t\t\t\t\t<div class=\"elementor-element elementor-element-12608786 elementor-invisible elementor-widget elementor-widget-image\" data-id=\"12608786\" data-element_type=\"widget\" data-e-type=\"widget\" data-settings=\"{&quot;_animation&quot;:&quot;slideInLeft&quot;}\" data-widget_type=\"image.default\">\n\t\t\t\t<div class=\"elementor-widget-container\">\n\t\t\t\t\t\t\t\t\t\t\t\t\t\t\t<img decoding=\"async\" src=\"https:\/\/www.beatcomunicacion.com\/wp-content\/uploads\/elementor\/thumbs\/creative-girl-teenager-artist-painting-in-watercol-2021-12-14-20-20-32-utc-qfxrb7uzkq0olbhx8uvgkfmm9exexye1vm804tateg.jpg\" title=\"Beat Comunicaci\u00f3n \u2013 Artist\" alt=\"Beat Comunicaci\u00f3n - Artist\" class=\"elementor-animation-bob\" loading=\"lazy\" \/>\t\t\t\t\t\t\t\t\t\t\t\t\t\t\t<\/div>\n\t\t\t\t<\/div>\n\t\t\t\t<div class=\"elementor-element elementor-element-4ee336cb elementor-widget__width-auto elementor-absolute elementor-position-top elementor-invisible elementor-widget elementor-widget-image-box\" data-id=\"4ee336cb\" data-element_type=\"widget\" data-e-type=\"widget\" data-settings=\"{&quot;_position&quot;:&quot;absolute&quot;,&quot;_animation&quot;:&quot;fadeInUp&quot;}\" data-widget_type=\"image-box.default\">\n\t\t\t\t<div class=\"elementor-widget-container\">\n\t\t\t\t\t<div class=\"elementor-image-box-wrapper\"><figure class=\"elementor-image-box-img\"><img decoding=\"async\" width=\"71\" height=\"70\" src=\"https:\/\/www.beatcomunicacion.com\/wp-content\/uploads\/2023\/11\/About-us-section-counter-icon.png\" class=\"elementor-animation-grow attachment-full size-full wp-image-1588\" alt=\"Beat Comunicaci\u00f3n - Design Element\" srcset=\"https:\/\/www.beatcomunicacion.com\/wp-content\/uploads\/2023\/11\/About-us-section-counter-icon.png 71w, https:\/\/www.beatcomunicacion.com\/wp-content\/uploads\/2023\/11\/About-us-section-counter-icon-12x12.png 12w\" sizes=\"(max-width: 71px) 100vw, 71px\" \/><\/figure><div class=\"elementor-image-box-content\"><div class=\"elementor-image-box-title\">+10<\/div><p class=\"elementor-image-box-description\">Years of experience<\/p><\/div><\/div>\t\t\t\t<\/div>\n\t\t\t\t<\/div>\n\t\t\t\t\t<\/div>\n\t\t<\/div>\n\t\t\t\t<div class=\"elementor-column elementor-col-50 elementor-inner-column elementor-element elementor-element-3f85b712\" data-id=\"3f85b712\" data-element_type=\"column\" data-e-type=\"column\">\n\t\t\t<div class=\"elementor-widget-wrap elementor-element-populated\">\n\t\t\t\t\t\t<div class=\"elementor-element elementor-element-c980b87 elementor-invisible elementor-widget elementor-widget-heading\" data-id=\"c980b87\" data-element_type=\"widget\" data-e-type=\"widget\" data-settings=\"{&quot;_animation&quot;:&quot;zoomIn&quot;}\" data-widget_type=\"heading.default\">\n\t\t\t\t<div class=\"elementor-widget-container\">\n\t\t\t\t\t<h2 class=\"elementor-heading-title elementor-size-default\">How do we do it?\u200b<\/h2>\t\t\t\t<\/div>\n\t\t\t\t<\/div>\n\t\t\t\t<div class=\"elementor-element elementor-element-228997dc elementor-widget elementor-widget-heading\" data-id=\"228997dc\" data-element_type=\"widget\" data-e-type=\"widget\" data-widget_type=\"heading.default\">\n\t\t\t\t<div class=\"elementor-widget-container\">\n\t\t\t\t\t<h3 class=\"elementor-heading-title elementor-size-default\">Our heartbeat<\/h3>\t\t\t\t<\/div>\n\t\t\t\t<\/div>\n\t\t\t\t<div class=\"elementor-element elementor-element-73366627 elementor-widget-divider--view-line elementor-widget elementor-widget-divider\" data-id=\"73366627\" data-element_type=\"widget\" data-e-type=\"widget\" data-widget_type=\"divider.default\">\n\t\t\t\t<div class=\"elementor-widget-container\">\n\t\t\t\t\t\t\t<div class=\"elementor-divider\">\n\t\t\t<span class=\"elementor-divider-separator\">\n\t\t\t\t\t\t<\/span>\n\t\t<\/div>\n\t\t\t\t\t\t<\/div>\n\t\t\t\t<\/div>\n\t\t\t\t<div class=\"elementor-element elementor-element-7524b1 elementor-widget elementor-widget-text-editor\" data-id=\"7524b1\" data-element_type=\"widget\" data-e-type=\"widget\" data-widget_type=\"text-editor.default\">\n\t\t\t\t<div class=\"elementor-widget-container\">\n\t\t\t\t\t\t\t\t\t<p>First we get to know each other and analyze your needs, the current state of your business or your professional development. We identify the objectives you want to achieve and work on the communication strategy that your company or brand needs. Mainly in its identity, mission, vision, values and how you communicate within it.<\/p><p>Thus, with your best heartbeat and the best of your smiles, you can disseminate your services to various audiences and help your business be recognized.<\/p>\t\t\t\t\t\t\t\t<\/div>\n\t\t\t\t<\/div>\n\t\t\t\t<div class=\"elementor-element elementor-element-4bde533a elementor-icon-list--layout-traditional elementor-list-item-link-full_width elementor-widget elementor-widget-icon-list\" data-id=\"4bde533a\" data-element_type=\"widget\" data-e-type=\"widget\" data-widget_type=\"icon-list.default\">\n\t\t\t\t<div class=\"elementor-widget-container\">\n\t\t\t\t\t\t\t<ul class=\"elementor-icon-list-items\">\n\t\t\t\t\t\t\t<li class=\"elementor-icon-list-item\">\n\t\t\t\t\t\t\t\t\t\t\t<span class=\"elementor-icon-list-icon\">\n\t\t\t\t\t\t\t<i aria-hidden=\"true\" class=\"fas fa-check-circle\"><\/i>\t\t\t\t\t\t<\/span>\n\t\t\t\t\t\t\t\t\t\t<span class=\"elementor-icon-list-text\">Custom connection<\/span>\n\t\t\t\t\t\t\t\t\t<\/li>\n\t\t\t\t\t\t\t\t<li class=\"elementor-icon-list-item\">\n\t\t\t\t\t\t\t\t\t\t\t<span class=\"elementor-icon-list-icon\">\n\t\t\t\t\t\t\t<i aria-hidden=\"true\" class=\"fas fa-check-circle\"><\/i>\t\t\t\t\t\t<\/span>\n\t\t\t\t\t\t\t\t\t\t<span class=\"elementor-icon-list-text\">Deep analysis<\/span>\n\t\t\t\t\t\t\t\t\t<\/li>\n\t\t\t\t\t\t\t\t<li class=\"elementor-icon-list-item\">\n\t\t\t\t\t\t\t\t\t\t\t<span class=\"elementor-icon-list-icon\">\n\t\t\t\t\t\t\t<i aria-hidden=\"true\" class=\"fas fa-check-circle\"><\/i>\t\t\t\t\t\t<\/span>\n\t\t\t\t\t\t\t\t\t\t<span class=\"elementor-icon-list-text\">Strategic focus on identity and communication<\/span>\n\t\t\t\t\t\t\t\t\t<\/li>\n\t\t\t\t\t\t<\/ul>\n\t\t\t\t\t\t<\/div>\n\t\t\t\t<\/div>\n\t\t\t\t<div class=\"elementor-element elementor-element-72623eb5 elementor-align-left elementor-mobile-align-center elementor-invisible elementor-widget elementor-widget-button\" data-id=\"72623eb5\" data-element_type=\"widget\" data-e-type=\"widget\" data-settings=\"{&quot;_animation&quot;:&quot;bounceIn&quot;}\" data-widget_type=\"button.default\">\n\t\t\t\t<div class=\"elementor-widget-container\">\n\t\t\t\t\t\t\t\t\t<div class=\"elementor-button-wrapper\">\n\t\t\t\t\t<a class=\"elementor-button elementor-button-link elementor-size-sm elementor-animation-float\" href=\"#\">\n\t\t\t\t\t\t<span class=\"elementor-button-content-wrapper\">\n\t\t\t\t\t\t<span class=\"elementor-button-icon\">\n\t\t\t\t<i aria-hidden=\"true\" class=\"fas fa-arrow-right\"><\/i>\t\t\t<\/span>\n\t\t\t\t\t\t\t\t\t<span class=\"elementor-button-text\">Our heartbeat<\/span>\n\t\t\t\t\t<\/span>\n\t\t\t\t\t<\/a>\n\t\t\t\t<\/div>\n\t\t\t\t\t\t\t\t<\/div>\n\t\t\t\t<\/div>\n\t\t\t\t\t<\/div>\n\t\t<\/div>\n\t\t\t\t\t<\/div>\n\t\t<\/section>\n\t\t\t\t\t<\/div>\n\t\t<\/div>\n\t\t\t\t\t<\/div>\n\t\t<\/section>\n\t\t\t\t<\/div>","protected":false},"excerpt":{"rendered":"<p>Comunicamos verdad bajo el estilo de tu marca Nos especializamos en comunicaci\u00f3n interna, auditor\u00eda de comunicaci\u00f3n y asesoramiento integral. Contacto Nuestro latido +10 A\u00f1os de experiencia \u00bfC\u00f3mo lo hacemos?\u200b Nuestro latido Primero nos conocemos y analizamos tus necesidades, el momento en el que est\u00e1 tu negocio o tu desarrollo profesional. Identificamos los objetivos que quieres [&hellip;]<\/p>\n","protected":false},"author":1,"featured_media":0,"parent":0,"menu_order":1,"comment_status":"closed","ping_status":"closed","template":"","meta":{"footnotes":""},"class_list":["post-1336","page","type-page","status-publish","hentry"],"yoast_head":"<!-- This site is optimized with the Yoast SEO plugin v27.4 - https:\/\/yoast.com\/product\/yoast-seo-wordpress\/ -->\n<title>Beat Comunicaci\u00f3n<\/title>\n<meta name=\"description\" content=\"Especializados en comunicaci\u00f3n interna, auditor\u00eda y asesoramiento integral. Con\u00f3cenos y destaca en tu negocio\" \/>\n<meta name=\"robots\" content=\"index, follow, max-snippet:-1, max-image-preview:large, max-video-preview:-1\" \/>\n<link rel=\"canonical\" href=\"https:\/\/www.beatcomunicacion.com\/en\/\" \/>\n<meta property=\"og:locale\" content=\"en_US\" \/>\n<meta property=\"og:type\" content=\"article\" \/>\n<meta property=\"og:title\" content=\"Beat Comunicaci\u00f3n\" \/>\n<meta property=\"og:description\" content=\"Especializados en comunicaci\u00f3n interna, auditor\u00eda y asesoramiento integral. Con\u00f3cenos y destaca en tu negocio\" \/>\n<meta property=\"og:url\" content=\"https:\/\/www.beatcomunicacion.com\/en\/\" \/>\n<meta property=\"og:site_name\" content=\"Beat Comunicaci\u00f3n\" \/>\n<meta property=\"article:modified_time\" content=\"2024-12-01T21:36:02+00:00\" \/>\n<meta property=\"og:image\" content=\"https:\/\/www.beatcomunicacion.com\/wp-content\/uploads\/elementor\/thumbs\/creative-girl-teenager-artist-painting-in-watercol-2021-12-14-20-20-32-utc-qfxrb7uzkq0olbhx8uvgkfmm9exexye1vm804tateg.jpg\" \/>\n<meta name=\"twitter:card\" content=\"summary_large_image\" \/>\n<script type=\"application\/ld+json\" class=\"yoast-schema-graph\">{\"@context\":\"https:\\\/\\\/schema.org\",\"@graph\":[{\"@type\":\"WebPage\",\"@id\":\"https:\\\/\\\/www.beatcomunicacion.com\\\/\",\"url\":\"https:\\\/\\\/www.beatcomunicacion.com\\\/\",\"name\":\"Beat Comunicaci\u00f3n\",\"isPartOf\":{\"@id\":\"https:\\\/\\\/www.beatcomunicacion.com\\\/#website\"},\"primaryImageOfPage\":{\"@id\":\"https:\\\/\\\/www.beatcomunicacion.com\\\/#primaryimage\"},\"image\":{\"@id\":\"https:\\\/\\\/www.beatcomunicacion.com\\\/#primaryimage\"},\"thumbnailUrl\":\"https:\\\/\\\/www.beatcomunicacion.com\\\/wp-content\\\/uploads\\\/elementor\\\/thumbs\\\/creative-girl-teenager-artist-painting-in-watercol-2021-12-14-20-20-32-utc-qfxrb7uzkq0olbhx8uvgkfmm9exexye1vm804tateg.jpg\",\"datePublished\":\"2023-09-27T11:47:24+00:00\",\"dateModified\":\"2024-12-01T21:36:02+00:00\",\"description\":\"Especializados en comunicaci\u00f3n interna, auditor\u00eda y asesoramiento integral. Con\u00f3cenos y destaca en tu negocio\",\"breadcrumb\":{\"@id\":\"https:\\\/\\\/www.beatcomunicacion.com\\\/#breadcrumb\"},\"inLanguage\":\"en-US\",\"potentialAction\":[{\"@type\":\"ReadAction\",\"target\":[\"https:\\\/\\\/www.beatcomunicacion.com\\\/\"]}]},{\"@type\":\"ImageObject\",\"inLanguage\":\"en-US\",\"@id\":\"https:\\\/\\\/www.beatcomunicacion.com\\\/#primaryimage\",\"url\":\"https:\\\/\\\/www.beatcomunicacion.com\\\/wp-content\\\/uploads\\\/elementor\\\/thumbs\\\/creative-girl-teenager-artist-painting-in-watercol-2021-12-14-20-20-32-utc-qfxrb7uzkq0olbhx8uvgkfmm9exexye1vm804tateg.jpg\",\"contentUrl\":\"https:\\\/\\\/www.beatcomunicacion.com\\\/wp-content\\\/uploads\\\/elementor\\\/thumbs\\\/creative-girl-teenager-artist-painting-in-watercol-2021-12-14-20-20-32-utc-qfxrb7uzkq0olbhx8uvgkfmm9exexye1vm804tateg.jpg\"},{\"@type\":\"BreadcrumbList\",\"@id\":\"https:\\\/\\\/www.beatcomunicacion.com\\\/#breadcrumb\",\"itemListElement\":[{\"@type\":\"ListItem\",\"position\":1,\"name\":\"Inicio\",\"item\":\"https:\\\/\\\/www.beatcomunicacion.com\\\/\"},{\"@type\":\"ListItem\",\"position\":2,\"name\":\"Hola\"}]},{\"@type\":\"WebSite\",\"@id\":\"https:\\\/\\\/www.beatcomunicacion.com\\\/#website\",\"url\":\"https:\\\/\\\/www.beatcomunicacion.com\\\/\",\"name\":\"Beat Comunicaci\u00f3n\",\"description\":\"Comunicaci\u00f3n y creatividad\",\"publisher\":{\"@id\":\"https:\\\/\\\/www.beatcomunicacion.com\\\/#organization\"},\"potentialAction\":[{\"@type\":\"SearchAction\",\"target\":{\"@type\":\"EntryPoint\",\"urlTemplate\":\"https:\\\/\\\/www.beatcomunicacion.com\\\/?s={search_term_string}\"},\"query-input\":{\"@type\":\"PropertyValueSpecification\",\"valueRequired\":true,\"valueName\":\"search_term_string\"}}],\"inLanguage\":\"en-US\"},{\"@type\":\"Organization\",\"@id\":\"https:\\\/\\\/www.beatcomunicacion.com\\\/#organization\",\"name\":\"Beat Comunicaci\u00f3n\",\"url\":\"https:\\\/\\\/www.beatcomunicacion.com\\\/\",\"logo\":{\"@type\":\"ImageObject\",\"inLanguage\":\"en-US\",\"@id\":\"https:\\\/\\\/www.beatcomunicacion.com\\\/#\\\/schema\\\/logo\\\/image\\\/\",\"url\":\"https:\\\/\\\/www.beatcomunicacion.com\\\/wp-content\\\/uploads\\\/2023\\\/11\\\/favicon2.png\",\"contentUrl\":\"https:\\\/\\\/www.beatcomunicacion.com\\\/wp-content\\\/uploads\\\/2023\\\/11\\\/favicon2.png\",\"width\":852,\"height\":824,\"caption\":\"Beat Comunicaci\u00f3n\"},\"image\":{\"@id\":\"https:\\\/\\\/www.beatcomunicacion.com\\\/#\\\/schema\\\/logo\\\/image\\\/\"},\"sameAs\":[\"https:\\\/\\\/www.instagram.com\\\/beatcomunicacion\\\/\",\"https:\\\/\\\/www.linkedin.com\\\/company\\\/beat-comunicaci\u00f3n\\\/\"]}]}<\/script>\n<!-- \/ Yoast SEO plugin. -->","yoast_head_json":{"title":"Beat Comunicaci\u00f3n","description":"Specialized in internal communication, auditing and comprehensive advice. Get to know us and stand out in your business","robots":{"index":"index","follow":"follow","max-snippet":"max-snippet:-1","max-image-preview":"max-image-preview:large","max-video-preview":"max-video-preview:-1"},"canonical":"https:\/\/www.beatcomunicacion.com\/en\/","og_locale":"en_US","og_type":"article","og_title":"Beat Comunicaci\u00f3n","og_description":"Especializados en comunicaci\u00f3n interna, auditor\u00eda y asesoramiento integral. Con\u00f3cenos y destaca en tu negocio","og_url":"https:\/\/www.beatcomunicacion.com\/en\/","og_site_name":"Beat Comunicaci\u00f3n","article_modified_time":"2024-12-01T21:36:02+00:00","og_image":[{"url":"https:\/\/www.beatcomunicacion.com\/wp-content\/uploads\/elementor\/thumbs\/creative-girl-teenager-artist-painting-in-watercol-2021-12-14-20-20-32-utc-qfxrb7uzkq0olbhx8uvgkfmm9exexye1vm804tateg.jpg","type":"","width":"","height":""}],"twitter_card":"summary_large_image","schema":{"@context":"https:\/\/schema.org","@graph":[{"@type":"WebPage","@id":"https:\/\/www.beatcomunicacion.com\/","url":"https:\/\/www.beatcomunicacion.com\/","name":"Beat Comunicaci\u00f3n","isPartOf":{"@id":"https:\/\/www.beatcomunicacion.com\/#website"},"primaryImageOfPage":{"@id":"https:\/\/www.beatcomunicacion.com\/#primaryimage"},"image":{"@id":"https:\/\/www.beatcomunicacion.com\/#primaryimage"},"thumbnailUrl":"https:\/\/www.beatcomunicacion.com\/wp-content\/uploads\/elementor\/thumbs\/creative-girl-teenager-artist-painting-in-watercol-2021-12-14-20-20-32-utc-qfxrb7uzkq0olbhx8uvgkfmm9exexye1vm804tateg.jpg","datePublished":"2023-09-27T11:47:24+00:00","dateModified":"2024-12-01T21:36:02+00:00","description":"Specialized in internal communication, auditing and comprehensive advice. Get to know us and stand out in your business","breadcrumb":{"@id":"https:\/\/www.beatcomunicacion.com\/#breadcrumb"},"inLanguage":"en-US","potentialAction":[{"@type":"ReadAction","target":["https:\/\/www.beatcomunicacion.com\/"]}]},{"@type":"ImageObject","inLanguage":"en-US","@id":"https:\/\/www.beatcomunicacion.com\/#primaryimage","url":"https:\/\/www.beatcomunicacion.com\/wp-content\/uploads\/elementor\/thumbs\/creative-girl-teenager-artist-painting-in-watercol-2021-12-14-20-20-32-utc-qfxrb7uzkq0olbhx8uvgkfmm9exexye1vm804tateg.jpg","contentUrl":"https:\/\/www.beatcomunicacion.com\/wp-content\/uploads\/elementor\/thumbs\/creative-girl-teenager-artist-painting-in-watercol-2021-12-14-20-20-32-utc-qfxrb7uzkq0olbhx8uvgkfmm9exexye1vm804tateg.jpg"},{"@type":"BreadcrumbList","@id":"https:\/\/www.beatcomunicacion.com\/#breadcrumb","itemListElement":[{"@type":"ListItem","position":1,"name":"Inicio","item":"https:\/\/www.beatcomunicacion.com\/"},{"@type":"ListItem","position":2,"name":"Hola"}]},{"@type":"WebSite","@id":"https:\/\/www.beatcomunicacion.com\/#website","url":"https:\/\/www.beatcomunicacion.com\/","name":"Beat Comunicaci\u00f3n","description":"Communication and creativity","publisher":{"@id":"https:\/\/www.beatcomunicacion.com\/#organization"},"potentialAction":[{"@type":"SearchAction","target":{"@type":"EntryPoint","urlTemplate":"https:\/\/www.beatcomunicacion.com\/?s={search_term_string}"},"query-input":{"@type":"PropertyValueSpecification","valueRequired":true,"valueName":"search_term_string"}}],"inLanguage":"en-US"},{"@type":"Organization","@id":"https:\/\/www.beatcomunicacion.com\/#organization","name":"Beat Comunicaci\u00f3n","url":"https:\/\/www.beatcomunicacion.com\/","logo":{"@type":"ImageObject","inLanguage":"en-US","@id":"https:\/\/www.beatcomunicacion.com\/#\/schema\/logo\/image\/","url":"https:\/\/www.beatcomunicacion.com\/wp-content\/uploads\/2023\/11\/favicon2.png","contentUrl":"https:\/\/www.beatcomunicacion.com\/wp-content\/uploads\/2023\/11\/favicon2.png","width":852,"height":824,"caption":"Beat Comunicaci\u00f3n"},"image":{"@id":"https:\/\/www.beatcomunicacion.com\/#\/schema\/logo\/image\/"},"sameAs":["https:\/\/www.instagram.com\/beatcomunicacion\/","https:\/\/www.linkedin.com\/company\/beat-comunicaci\u00f3n\/"]}]}},"_links":{"self":[{"href":"https:\/\/www.beatcomunicacion.com\/en\/wp-json\/wp\/v2\/pages\/1336","targetHints":{"allow":["GET"]}}],"collection":[{"href":"https:\/\/www.beatcomunicacion.com\/en\/wp-json\/wp\/v2\/pages"}],"about":[{"href":"https:\/\/www.beatcomunicacion.com\/en\/wp-json\/wp\/v2\/types\/page"}],"author":[{"embeddable":true,"href":"https:\/\/www.beatcomunicacion.com\/en\/wp-json\/wp\/v2\/users\/1"}],"replies":[{"embeddable":true,"href":"https:\/\/www.beatcomunicacion.com\/en\/wp-json\/wp\/v2\/comments?post=1336"}],"version-history":[{"count":239,"href":"https:\/\/www.beatcomunicacion.com\/en\/wp-json\/wp\/v2\/pages\/1336\/revisions"}],"predecessor-version":[{"id":2886,"href":"https:\/\/www.beatcomunicacion.com\/en\/wp-json\/wp\/v2\/pages\/1336\/revisions\/2886"}],"wp:attachment":[{"href":"https:\/\/www.beatcomunicacion.com\/en\/wp-json\/wp\/v2\/media?parent=1336"}],"curies":[{"name":"wp","href":"https:\/\/api.w.org\/{rel}","templated":true}]}}